{"id":296,"date":"2020-09-30T03:04:46","date_gmt":"2020-09-30T08:04:46","guid":{"rendered":"https:\/\/oceanpluss.com\/?page_id=296"},"modified":"2024-05-14T16:06:06","modified_gmt":"2024-05-14T21:06:06","slug":"home","status":"publish","type":"page","link":"https:\/\/oceanpluss.com\/","title":{"rendered":"Inicio"},"content":{"rendered":"\n<div class=\"wp-block-cover alignfull is-light has-parallax is-repeated\" style=\"min-height:710px;aspect-ratio:unset;\"><span aria-hidden=\"true\" class=\"wp-block-cover__background has-ast-global-color-3-background-color has-background-dim-0 has-background-dim\"><\/span><div class=\"wp-block-cover__image-background wp-image-25925 has-parallax is-repeated\" style=\"background-position:55% 34%;background-image:url(http:\/\/oceanpluss.com\/wp-content\/uploads\/2022\/10\/pexels-rodnae-productions-78891851-scaled.jpg)\"><\/div><div class=\"wp-block-cover__inner-container is-layout-flow wp-block-cover-is-layout-flow\">\n<div class=\"wp-block-group is-layout-constrained wp-block-group-is-layout-constrained\"><div class=\"wp-block-group__inner-container\">\n<div class=\"wp-block-columns is-layout-flex wp-container-core-columns-is-layout-9d6595d7 wp-block-columns-is-layout-flex\">\n<div class=\"wp-block-column is-layout-flow wp-block-column-is-layout-flow\" style=\"flex-basis:100%\">\n<h1 class=\"wp-block-heading has-ast-global-color-2-color has-text-color has-x-large-font-size\"><strong>El poder de tu marca<\/strong><\/h1>\n\n\n\n<div style=\"height:35px\" aria-hidden=\"true\" class=\"wp-block-spacer\"><\/div>\n\n\n\n<div class=\"wp-block-buttons is-layout-flex wp-block-buttons-is-layout-flex\">\n<div class=\"wp-block-button\"><a class=\"wp-block-button__link has-background wp-element-button\" href=\"https:\/\/wa.me\/+573122863753\" style=\"background-color:#009ee2\">Cont\u00e1ctanos<\/a><\/div>\n\n\n\n<div class=\"wp-block-button\"><a class=\"wp-block-button__link has-background wp-element-button\" href=\"#catalogs\" style=\"background-color:#009ee2\" rel=\"\">Nuestros productos <\/a><\/div>\n<\/div>\n<\/div>\n<\/div>\n<\/div><\/div>\n<\/div><\/div>\n\n\n\n<div class=\"wp-block-columns is-layout-flex wp-container-core-columns-is-layout-9d6595d7 wp-block-columns-is-layout-flex\">\n<div class=\"wp-block-column is-layout-flow wp-block-column-is-layout-flow\" style=\"flex-basis:100%\">\n<div class=\"wp-block-group alignfull has-ast-global-color-4-background-color has-background is-layout-constrained wp-block-group-is-layout-constrained\"><div class=\"wp-block-group__inner-container\">\n<div class=\"wp-block-columns alignwide is-layout-flex wp-container-core-columns-is-layout-9d6595d7 wp-block-columns-is-layout-flex\">\n<div class=\"wp-block-column is-layout-flow wp-block-column-is-layout-flow\">\n<p class=\"has-ast-global-color-2-color has-text-color has-large-font-size\"><strong>Somos<\/strong> el mejor aliado para el dise\u00f1o, comercializac\u00f3n y distribuci\u00f3n de toda clase de art\u00edculos promocionales y publicitarios, resaltando TU MARCA Empresarial en ellos!!!<\/p>\n<\/div>\n<\/div>\n<\/div><\/div>\n<\/div>\n<\/div>\n\n\n\n<div class=\"wp-block-columns has-ast-global-color-4-background-color has-background is-layout-flex wp-container-core-columns-is-layout-9d6595d7 wp-block-columns-is-layout-flex\">\n<div class=\"wp-block-column is-vertically-aligned-top is-layout-flow wp-block-column-is-layout-flow\" style=\"flex-basis:25%\">\n<div class=\"wp-block-cover aligncenter is-light\" style=\"min-height:300px;aspect-ratio:unset;\"><span aria-hidden=\"true\" class=\"wp-block-cover__background has-ast-global-color-2-background-color has-background-dim-0 has-background-dim\"><\/span><img fetchpriority=\"high\" decoding=\"async\" width=\"2560\" height=\"1707\" class=\"wp-block-cover__image-background wp-image-25522\" alt=\"\" src=\"http:\/\/oceanpluss.com\/wp-content\/uploads\/2022\/04\/liviu-c-d_eLSvL4v9w-unsplash-scaled.jpg\" style=\"object-position:15% 52%\" data-object-fit=\"cover\" data-object-position=\"15% 52%\" srcset=\"https:\/\/oceanpluss.com\/wp-content\/uploads\/2022\/04\/liviu-c-d_eLSvL4v9w-unsplash-scaled.jpg 2560w, https:\/\/oceanpluss.com\/wp-content\/uploads\/2022\/04\/liviu-c-d_eLSvL4v9w-unsplash-300x200.jpg 300w, https:\/\/oceanpluss.com\/wp-content\/uploads\/2022\/04\/liviu-c-d_eLSvL4v9w-unsplash-1024x683.jpg 1024w, https:\/\/oceanpluss.com\/wp-content\/uploads\/2022\/04\/liviu-c-d_eLSvL4v9w-unsplash-768x512.jpg 768w, https:\/\/oceanpluss.com\/wp-content\/uploads\/2022\/04\/liviu-c-d_eLSvL4v9w-unsplash-1536x1024.jpg 1536w, https:\/\/oceanpluss.com\/wp-content\/uploads\/2022\/04\/liviu-c-d_eLSvL4v9w-unsplash-2048x1365.jpg 2048w\" sizes=\"(max-width: 2560px) 100vw, 2560px\" \/><div class=\"wp-block-cover__inner-container is-layout-flow wp-block-cover-is-layout-flow\">\n<p class=\"has-ast-global-color-4-color has-text-color\">Cat\u00e1logo 1<\/p>\n\n\n\n<p><\/p>\n\n\n\n<div class=\"wp-block-buttons is-layout-flex wp-block-buttons-is-layout-flex\">\n<div class=\"wp-block-button\"><a class=\"wp-block-button__link has-background wp-element-button\" href=\"https:\/\/oceanpluss.cataprom.com\/\" style=\"background-color:#009ee2\" target=\"_blank\" rel=\"noreferrer noopener\">Ver<\/a><\/div>\n<\/div>\n<\/div><\/div>\n\n\n\n<p><\/p>\n<\/div>\n\n\n\n<div class=\"wp-block-column is-vertically-aligned-top is-layout-flow wp-block-column-is-layout-flow\" style=\"flex-basis:25%\">\n<div class=\"wp-block-cover\" style=\"min-height:300px;aspect-ratio:unset;\"><span aria-hidden=\"true\" class=\"wp-block-cover__background has-ast-global-color-2-background-color has-background-dim-60 has-background-dim\"><\/span><img decoding=\"async\" width=\"2560\" height=\"1707\" class=\"wp-block-cover__image-background wp-image-25848\" alt=\"\" src=\"https:\/\/oceanpluss.com\/wp-content\/uploads\/2022\/05\/ruthson-zimmerman-Ws4wd-vJ9M0-unsplash-scaled.jpg\" style=\"object-position:48% 56%\" data-object-fit=\"cover\" data-object-position=\"48% 56%\" srcset=\"https:\/\/oceanpluss.com\/wp-content\/uploads\/2022\/05\/ruthson-zimmerman-Ws4wd-vJ9M0-unsplash-scaled.jpg 2560w, https:\/\/oceanpluss.com\/wp-content\/uploads\/2022\/05\/ruthson-zimmerman-Ws4wd-vJ9M0-unsplash-300x200.jpg 300w, https:\/\/oceanpluss.com\/wp-content\/uploads\/2022\/05\/ruthson-zimmerman-Ws4wd-vJ9M0-unsplash-1024x683.jpg 1024w, https:\/\/oceanpluss.com\/wp-content\/uploads\/2022\/05\/ruthson-zimmerman-Ws4wd-vJ9M0-unsplash-768x512.jpg 768w, https:\/\/oceanpluss.com\/wp-content\/uploads\/2022\/05\/ruthson-zimmerman-Ws4wd-vJ9M0-unsplash-1536x1024.jpg 1536w, https:\/\/oceanpluss.com\/wp-content\/uploads\/2022\/05\/ruthson-zimmerman-Ws4wd-vJ9M0-unsplash-2048x1365.jpg 2048w\" sizes=\"(max-width: 2560px) 100vw, 2560px\" \/><div class=\"wp-block-cover__inner-container is-layout-flow wp-block-cover-is-layout-flow\">\n<h3 class=\"wp-block-heading has-ast-global-color-5-color has-text-color\"><strong>Dotaciones<\/strong><\/h3>\n\n\n\n<p class=\"has-small-font-size\">Uniformes, Camisas, camisetas, gorras, pantalones.<\/p>\n<\/div><\/div>\n<\/div>\n<\/div>\n\n\n\n<div class=\"wp-block-group alignfull has-ast-global-color-4-background-color has-background is-layout-constrained wp-block-group-is-layout-constrained\"><div class=\"wp-block-group__inner-container\">\n<h2 class=\"wp-block-heading has-large-font-size\"><strong>El\u00edgenos!<\/strong><\/h2>\n\n\n\n<p class=\"has-ast-global-color-2-color has-text-color has-medium-font-size\">Ofrecemos la mayor variedad de art\u00edculos para cubrir cualquier necesidad para los detalles, promocionales y dotaci\u00f3n que quieres entregar a tus clientes y colaboradores.<\/p>\n\n\n\n<p class=\"has-ast-global-color-2-color has-text-color has-medium-font-size\">Te acompa\u00f1amos durante todo el proceso para asegurarnos que recibes los productos a conformidad.<\/p>\n\n\n\n<p class=\"has-ast-global-color-2-color has-text-color has-medium-font-size\">Aportamos lo mejor de nuestro equipo en cada acuerdo y negociaci\u00f3n.<\/p>\n<\/div><\/div>\n\n\n\n<div class=\"wp-block-columns alignfull is-layout-flex wp-container-core-columns-is-layout-9d6595d7 wp-block-columns-is-layout-flex\">\n<div class=\"wp-block-column is-layout-flow wp-block-column-is-layout-flow\" style=\"flex-basis:100%\">\n<h2 class=\"wp-block-heading alignfull has-text-align-center has-ast-global-color-4-background-color has-background has-large-font-size\"><strong>Nuestros clientes<\/strong><\/h2>\n\n\n\n<div class=\"wp-block-group alignfull has-ast-global-color-4-background-color has-background is-layout-constrained wp-block-group-is-layout-constrained\"><div class=\"wp-block-group__inner-container\">\n<div class=\"wp-block-columns is-layout-flex wp-container-core-columns-is-layout-9d6595d7 wp-block-columns-is-layout-flex\">\n<div class=\"wp-block-column is-layout-flow wp-block-column-is-layout-flow\" style=\"flex-basis:100%\">\n<div class=\"wp-block-columns alignfull has-white-background-color has-background is-layout-flex wp-container-core-columns-is-layout-9d6595d7 wp-block-columns-is-layout-flex\">\n<div class=\"wp-block-column is-vertically-aligned-top is-layout-flow wp-block-column-is-layout-flow\" style=\"flex-basis:33.33%\">\n<div class=\"wp-block-columns is-layout-flex wp-container-core-columns-is-layout-9d6595d7 wp-block-columns-is-layout-flex\">\n<div class=\"wp-block-column is-layout-flow wp-block-column-is-layout-flow\" style=\"flex-basis:100%\">\n<div class=\"wp-block-group is-layout-constrained wp-block-group-is-layout-constrained\"><div class=\"wp-block-group__inner-container\">\n<figure class=\"wp-block-image alignfull size-full\"><img decoding=\"async\" width=\"751\" height=\"751\" src=\"https:\/\/oceanpluss.com\/wp-content\/uploads\/2022\/05\/laboratoriosEdo-2.png\" alt=\"\" class=\"wp-image-25755\" srcset=\"https:\/\/oceanpluss.com\/wp-content\/uploads\/2022\/05\/laboratoriosEdo-2.png 751w, https:\/\/oceanpluss.com\/wp-content\/uploads\/2022\/05\/laboratoriosEdo-2-300x300.png 300w, https:\/\/oceanpluss.com\/wp-content\/uploads\/2022\/05\/laboratoriosEdo-2-150x150.png 150w\" sizes=\"(max-width: 751px) 100vw, 751px\" \/><\/figure>\n<\/div><\/div>\n<\/div>\n<\/div>\n<\/div>\n\n\n\n<div class=\"wp-block-column is-vertically-aligned-top is-layout-flow wp-block-column-is-layout-flow\" style=\"flex-basis:33.33%\">\n<div class=\"wp-block-group is-layout-constrained wp-block-group-is-layout-constrained\"><div class=\"wp-block-group__inner-container\">\n<figure class=\"wp-block-image alignfull size-full\"><img loading=\"lazy\" decoding=\"async\" width=\"751\" height=\"751\" src=\"https:\/\/oceanpluss.com\/wp-content\/uploads\/2022\/05\/motoborda.png\" alt=\"\" class=\"wp-image-25758\" srcset=\"https:\/\/oceanpluss.com\/wp-content\/uploads\/2022\/05\/motoborda.png 751w, https:\/\/oceanpluss.com\/wp-content\/uploads\/2022\/05\/motoborda-300x300.png 300w, https:\/\/oceanpluss.com\/wp-content\/uploads\/2022\/05\/motoborda-150x150.png 150w\" sizes=\"(max-width: 751px) 100vw, 751px\" \/><\/figure>\n<\/div><\/div>\n<\/div>\n\n\n\n<div class=\"wp-block-column is-vertically-aligned-center is-layout-flow wp-block-column-is-layout-flow\" style=\"flex-basis:33.33%\">\n<div class=\"wp-block-group is-layout-constrained wp-block-group-is-layout-constrained\"><div class=\"wp-block-group__inner-container\">\n<figure class=\"wp-block-image aligncenter size-full is-resized is-style-default\"><img loading=\"lazy\" decoding=\"async\" width=\"180\" height=\"180\" src=\"http:\/\/oceanpluss.com\/wp-content\/uploads\/2022\/07\/DOCTOR-GROUP.png\" alt=\"\" class=\"wp-image-25897\" style=\"width:200px;height:200px\" srcset=\"https:\/\/oceanpluss.com\/wp-content\/uploads\/2022\/07\/DOCTOR-GROUP.png 180w, https:\/\/oceanpluss.com\/wp-content\/uploads\/2022\/07\/DOCTOR-GROUP-150x150.png 150w\" sizes=\"(max-width: 180px) 100vw, 180px\" \/><\/figure>\n<\/div><\/div>\n<\/div>\n<\/div>\n\n\n\n<div class=\"wp-block-columns alignfull has-ast-global-color-4-background-color has-background is-layout-flex wp-container-core-columns-is-layout-9d6595d7 wp-block-columns-is-layout-flex\">\n<div class=\"wp-block-column is-vertically-aligned-top is-layout-flow wp-block-column-is-layout-flow\" style=\"flex-basis:33.33%\">\n<div class=\"wp-block-columns is-layout-flex wp-container-core-columns-is-layout-9d6595d7 wp-block-columns-is-layout-flex\">\n<div class=\"wp-block-column is-vertically-aligned-center is-layout-flow wp-block-column-is-layout-flow\" style=\"flex-basis:100%\">\n<div class=\"wp-block-group is-layout-constrained wp-block-group-is-layout-constrained\"><div class=\"wp-block-group__inner-container\">\n<figure class=\"wp-block-image aligncenter size-full is-resized\"><img loading=\"lazy\" decoding=\"async\" width=\"200\" height=\"200\" src=\"http:\/\/oceanpluss.com\/wp-content\/uploads\/2022\/07\/LOGO-SUBASTAR-R-2-1-1.png\" alt=\"\" class=\"wp-image-25895\" style=\"width:200px;height:200px\" srcset=\"https:\/\/oceanpluss.com\/wp-content\/uploads\/2022\/07\/LOGO-SUBASTAR-R-2-1-1.png 200w, https:\/\/oceanpluss.com\/wp-content\/uploads\/2022\/07\/LOGO-SUBASTAR-R-2-1-1-150x150.png 150w\" sizes=\"(max-width: 200px) 100vw, 200px\" \/><\/figure>\n<\/div><\/div>\n<\/div>\n<\/div>\n<\/div>\n\n\n\n<div class=\"wp-block-column is-vertically-aligned-center is-layout-flow wp-block-column-is-layout-flow\" style=\"flex-basis:33.33%\">\n<div class=\"wp-block-group is-layout-constrained wp-block-group-is-layout-constrained\"><div class=\"wp-block-group__inner-container\">\n<figure class=\"wp-block-image aligncenter size-full\"><img loading=\"lazy\" decoding=\"async\" width=\"300\" height=\"154\" src=\"http:\/\/oceanpluss.com\/wp-content\/uploads\/2022\/07\/lotrading_logo_300.png\" alt=\"\" class=\"wp-image-25891\"\/><\/figure>\n<\/div><\/div>\n<\/div>\n\n\n\n<div class=\"wp-block-column is-vertically-aligned-center is-layout-flow wp-block-column-is-layout-flow\" style=\"flex-basis:33.33%\">\n<div class=\"wp-block-group is-layout-constrained wp-block-group-is-layout-constrained\"><div class=\"wp-block-group__inner-container\">\n<figure class=\"wp-block-image aligncenter size-full\"><img loading=\"lazy\" decoding=\"async\" width=\"300\" height=\"139\" src=\"http:\/\/oceanpluss.com\/wp-content\/uploads\/2022\/07\/Andi-mas-pais.png\" alt=\"\" class=\"wp-image-25890\"\/><\/figure>\n<\/div><\/div>\n<\/div>\n<\/div>\n<\/div>\n<\/div>\n<\/div><\/div>\n<\/div>\n<\/div>\n\n\n\n<p><\/p>\n","protected":false},"excerpt":{"rendered":"<p>Somos el mejor aliado para el dise\u00f1o, comercializac\u00f3n y distribuci\u00f3n de toda clase de art\u00edculos promocionales y publicitarios, resaltando TU MARCA Empresarial en ellos!!! El\u00edgenos! Ofrecemos la mayor variedad de art\u00edculos para cubrir cualquier necesidad para los detalles, promocionales y dotaci\u00f3n que quieres entregar a tus clientes y colaboradores. Te acompa\u00f1amos durante todo el proceso &hellip;<\/p>\n<p class=\"read-more\"> <a class=\"\" href=\"https:\/\/oceanpluss.com\/\"> <span class=\"screen-reader-text\">Inicio<\/span> Read More &raquo;<\/a><\/p>\n","protected":false},"author":1,"featured_media":0,"parent":0,"menu_order":0,"comment_status":"closed","ping_status":"closed","template":"","meta":{"om_disable_all_campaigns":false,"_uag_custom_page_level_css":"","_monsterinsights_skip_tracking":false,"_monsterinsights_sitenote_active":false,"_monsterinsights_sitenote_note":"","_monsterinsights_sitenote_category":0,"site-sidebar-layout":"no-sidebar","site-content-layout":"plain-container","ast-main-header-display":"","ast-hfb-above-header-display":"","ast-hfb-below-header-display":"","ast-hfb-mobile-header-display":"","site-post-title":"disabled","ast-breadcrumbs-content":"","ast-featured-img":"disabled","footer-sml-layout":"","theme-transparent-header-meta":"enabled","adv-header-id-meta":"","stick-header-meta":"","header-above-stick-meta":"","header-main-stick-meta":"","header-below-stick-meta":"","_joinchat":[],"footnotes":""},"class_list":["post-296","page","type-page","status-publish","hentry"],"aioseo_notices":[],"uagb_featured_image_src":{"full":false,"thumbnail":false,"medium":false,"medium_large":false,"large":false,"1536x1536":false,"2048x2048":false},"uagb_author_info":{"display_name":"linamaguirre@hotmail.com","author_link":"https:\/\/oceanpluss.com\/?author=1"},"uagb_comment_info":0,"uagb_excerpt":"Somos el mejor aliado para el dise\u00f1o, comercializac\u00f3n y distribuci\u00f3n de toda clase de art\u00edculos promocionales y publicitarios, resaltando TU MARCA Empresarial en ellos!!! El\u00edgenos! Ofrecemos la mayor variedad de art\u00edculos para cubrir cualquier necesidad para los detalles, promocionales y dotaci\u00f3n que quieres entregar a tus clientes y colaboradores. Te acompa\u00f1amos durante todo el proceso&hellip;","_links":{"self":[{"href":"https:\/\/oceanpluss.com\/index.php?rest_route=\/wp\/v2\/pages\/296","targetHints":{"allow":["GET"]}}],"collection":[{"href":"https:\/\/oceanpluss.com\/index.php?rest_route=\/wp\/v2\/pages"}],"about":[{"href":"https:\/\/oceanpluss.com\/index.php?rest_route=\/wp\/v2\/types\/page"}],"author":[{"embeddable":true,"href":"https:\/\/oceanpluss.com\/index.php?rest_route=\/wp\/v2\/users\/1"}],"replies":[{"embeddable":true,"href":"https:\/\/oceanpluss.com\/index.php?rest_route=%2Fwp%2Fv2%2Fcomments&post=296"}],"version-history":[{"count":148,"href":"https:\/\/oceanpluss.com\/index.php?rest_route=\/wp\/v2\/pages\/296\/revisions"}],"predecessor-version":[{"id":26032,"href":"https:\/\/oceanpluss.com\/index.php?rest_route=\/wp\/v2\/pages\/296\/revisions\/26032"}],"wp:attachment":[{"href":"https:\/\/oceanpluss.com\/index.php?rest_route=%2Fwp%2Fv2%2Fmedia&parent=296"}],"curies":[{"name":"wp","href":"https:\/\/api.w.org\/{rel}","templated":true}]}}